{"id":64,"date":"2022-02-08T21:35:04","date_gmt":"2022-02-08T21:35:04","guid":{"rendered":"https:\/\/www.nyirpalyazat.hu\/?page_id=64"},"modified":"2025-10-17T12:49:26","modified_gmt":"2025-10-17T12:49:26","slug":"referenciak","status":"publish","type":"page","link":"https:\/\/www.nyirpalyazat.hu\/?page_id=64","title":{"rendered":"Referenci\u00e1k"},"content":{"rendered":"\n<p class=\"has-text-align-center has-theme-palette-5-color has-text-color has-x-large-font-size\">Referenci\u00e1k<\/p>\n\n\n\n<p class=\"has-theme-palette-5-color has-text-color\">Koll\u00e9g\u00e1ink szakmai tapasztalata, \u00edgy referencia list\u00e1nk is &#8211; csapatunk eddigi munk\u00e1j\u00e1r\u00f3l &#8211; hossz\u00fa \u00e9vekre ny\u00falik vissza.&nbsp;<\/p>\n\n\n\n<p class=\"has-theme-palette-5-color has-text-color\"><em>N\u00e9h\u00e1ny kiemelt referenci\u00e1nk az elm\u00falt \u00e9vekb\u0151l: <\/em><\/p>\n\n\n\n<p><strong>Vid\u00e9kfejleszt\u00e9si p\u00e1ly\u00e1zatok<\/strong> (KAP):<\/p>\n\n\n\n<ul class=\"wp-block-list\">\n<li>Feldolgoz\u00f3 \u00fczemek komplex fejleszt\u00e9s\u00e9nek t\u00e1mogat\u00e1sa (KAP-RD04a-RD04b-1-24): a projekt keret\u00e9ben egy Kft. \u00e9lelmiszeripari \u00fczem\u00e9nek komplex fejleszt\u00e9s\u00e9t tervezi: \u00e9p\u00fclet fel\u00faj\u00edt\u00e1sok, b\u0151v\u00edt\u00e9sek, \u00e9p\u00fcleten bel\u00fcli \u00e1talak\u00edt\u00e1sok, h\u0171t\u00e9stechnol\u00f3giai rendszer kialak\u00edt\u00e1s, valamint g\u00e9pek technol\u00f3gi\u00e1k, beszerz\u00e9se. A p\u00e1ly\u00e1zat st\u00e1tusza: t\u00e1mogat\u00e1sra javasolt p\u00e1ly\u00e1zat. T\u00e1mogat\u00e1s \u00f6sszege: 1,058 milli\u00e1rd Ft.<\/li>\n\n\n\n<li>Term\u00e9nytiszt\u00edt\u00f3k, t\u00e1rol\u00f3k, sz\u00e1r\u00edt\u00f3k, vet\u0151mag\u00fczemek fejleszt\u00e9s\u00e9nek komplex t\u00e1mogat\u00e1sa (KAP-RD01a-RD01c-1-25). Sz\u00e1r\u00edt\u00f3- \u00e9s tiszt\u00edt\u00f3telep \u00e9p\u00edt\u00e9se, tov\u00e1bb\u00e1 intelligens vez\u00e9rl\u00e9s\u0171 Cimbria KB-10 cs\u00e1v\u00e1z\u00f3berendez\u00e9s beszerz\u00e9se. Ig\u00e9nyelt t\u00e1mogat\u00e1s: 250 M Ft.<\/li>\n\n\n\n<li>Kert\u00e9szeti \u00fczemek technol\u00f3giai fejleszt\u00e9s\u00e9nek t\u00e1mogat\u00e1sa (KAP-RD01a-1-25). \u0150stermel\u0151 kert\u00e9szeti g\u00e9pparkj\u00e1nak fejleszt\u00e9se (traktor, sz\u00e1rz\u00faz\u00f3, t\u0151k\u00f6zm\u0171vel\u0151, direktvet\u0151g\u00e9p). Ig\u00e9nyelt t\u00e1mogat\u00e1s: 29,3 M Ft. Elb\u00edr\u00e1l\u00e1s folyamatban.<\/li>\n\n\n\n<li>\u00c1llattart\u00f3 telepek meg\u00faj\u00edt\u00e1s\u00e1nak t\u00e1mogat\u00e1sa (KAP-RD01a-RD01c-RD01d-RD01e-2-24): egy \u00e1llattart\u00f3 telep g\u00e9p- \u00e9s eszk\u00f6zparkj\u00e1nak fejleszt\u00e9s\u00e9re elnyert t\u00e1mogat\u00e1s: 12,5 M Ft.<\/li>\n\n\n\n<li>D\u00edszkert\u00e9szeti \u00e1gazat kisv\u00e1llalkoz\u00e1sainak t\u00e1mogat\u00e1sa (KAP-RD09b-1-24). D\u00edszkert\u00e9szet moderniz\u00e1ci\u00f3ja, technol\u00f3giafejleszt\u00e9se \u00e9s termeszt\u0151 fel\u00fclet n\u00f6vel\u00e9se. Elnyert t\u00e1mogat\u00e1s \u00f6sszege: 11,5 M Ft.<\/li>\n\n\n\n<li>Kert\u00e9szeti \u00fcvegh\u00e1zakhoz, h\u0171t\u0151h\u00e1zakhoz kapcsol\u00f3d\u00f3, \u00e9s post-harvest fejleszt\u00e9sek t\u00e1mogat\u00e1sa. \u0150stermel\u0151 kert\u00e9szeti \u00fczeme g\u00e9p- \u00e9s eszk\u00f6zparkj\u00e1nak fejleszt\u00e9se. Elnyert t\u00e1mogat\u00e1s \u00f6sszege: 9,7 M Ft.<\/li>\n\n\n\n<li>Feldolgoz\u00f3 \u00fczemek fejleszt\u00e9s\u00e9nek t\u00e1mogat\u00e1sa (KAP-RD04a-RD04b-2-24): Gy\u00fcm\u00f6lcsfeldolgoz\u00f3 technol\u00f3gia beszerz\u00e9se egy \u0151stermel\u0151 mez\u0151gazdas\u00e1gi \u00fczem\u00e9be. Elnyert t\u00e1mogat\u00e1s \u00f6sszege: 7 M Ft.<\/li>\n\n\n\n<li>Tov\u00e1bbi KAP p\u00e1ly\u00e1zatok k\u00e9sz\u00edt\u00e9se \u2013 elb\u00edr\u00e1l\u00e1suk folyamatban:<ul><li>\u00a0kert\u00e9szeti,<\/li><\/ul><ul><li>\u00a0fiatal gazda,<\/li><\/ul><ul><li>mez\u0151gazdas\u00e1gi kis\u00fczemi<\/li><\/ul>\n<ul class=\"wp-block-list\">\n<li>\u00a0\u00e9s tanyafejleszt\u00e9si p\u00e1ly\u00e1zatok.<\/li>\n<\/ul>\n<\/li>\n<\/ul>\n\n\n\n<p class=\"has-theme-palette-5-color has-text-color\"><strong>Vid\u00e9kfejleszt\u00e9si p\u00e1ly\u00e1zatok<\/strong> (VP):<\/p>\n\n\n\n<ul class=\"wp-block-list\">\n<li>\u00c9lelmiszeripari p\u00e1ly\u00e1zat: aszeptikus vel\u0151z\u0151 g\u00e9psor, elektromos targonc\u00e1k beszerz\u00e9se, napelemes rendszer telep\u00edt\u00e9se &#8211; Elnyert t\u00e1mogat\u00e1s: 145,7 M Ft<\/li>\n\n\n\n<li>V\u00edzgazd\u00e1lkod\u00e1si p\u00e1ly\u00e1zat &#8211; \u00d6nt\u00f6z\u00e9sfejleszt\u00e9s: szivatty\u00fatelep l\u00e9trehoz\u00e1sa \u00e9s Linear EHFR hidr\u00e1nsos egykar\u00fa line\u00e1r \u00f6nt\u00f6z\u0151g\u00e9p beszerz\u00e9se &#8211; Elnyert t\u00e1mogat\u00e1s: 82,97 M Ft.<\/li>\n\n\n\n<li>V\u00edzgazd\u00e1lkod\u00e1si p\u00e1ly\u00e1zat- \u00d6nt\u00f6z\u00e9sfejleszt\u00e9s: \u00f6nt\u00f6z\u0151g\u00e9p beszerz\u00e9se \u00e9s \u00f6nt\u00f6z\u0151k\u00fat l\u00e9tes\u00edt\u00e9se Elnyert t\u00e1mogat\u00e1s: 24 M Ft<\/li>\n\n\n\n<li>Kert\u00e9szeti g\u00e9pbeszerz\u00e9s p\u00e1ly\u00e1zatok:\n<ul class=\"wp-block-list\">\n<li>MTZ 892.2 traktorok,<\/li>\n\n\n\n<li>gy\u00fcm\u00f6lcsfar\u00e1z\u00f3 g\u00e9p,<\/li>\n\n\n\n<li>f\u00fcggesztett 3 k\u00e9ses k\u00f6z\u00e9plaz\u00edt\u00f3,<\/li>\n\n\n\n<li>homlokrakod\u00f3, targonca beszerz\u00e9se.<\/li>\n<\/ul>\n<\/li>\n\n\n\n<li>Turisztikai p\u00e1ly\u00e1zat: L\u00f3ist\u00e1ll\u00f3 \u00e9p\u00fclet takarm\u00e1nyt\u00e1rol\u00f3val, bemutat\u00f3 t\u00e9r \u00e9s \u00e1llatsimogat\u00f3 &#8211; Elnyert t\u00e1mogat\u00e1s: 48 M Ft.<\/li>\n\n\n\n<li>Term\u00e9nyt\u00e1rol\u00f3 \u00e9p\u00edt\u00e9s p\u00e1ly\u00e1zat \u2013 Elnyert t\u00e1mogat\u00e1s: 90 M Ft<\/li>\n\n\n\n<li>Kert\u00e9szet korszer\u0171s\u00edt\u00e9se-h\u0171t\u0151h\u00e1zak p\u00e1ly\u00e1zat: 50 kW-os napelemes rendszer telep\u00edt\u00e9se h\u0171t\u0151h\u00e1z tet\u0151szerkezet\u00e9re \u2013 Elnyert t\u00e1mogat\u00e1s: 15,8 M Ft<\/li>\n\n\n\n<li>\u00c1llattart\u00f3 telepi p\u00e1ly\u00e1zatok:\n<ul class=\"wp-block-list\">\n<li>99 LE traktor \u00e9s k\u00f6rb\u00e1l\u00e1z\u00f3 beszerz\u00e9se \u2013 Elnyert t\u00e1mogat\u00e1s: 18,4 M Ft<\/li>\n\n\n\n<li>105 LE traktor, b\u00e1lasz\u00e1ll\u00edt\u00f3 p\u00f3tkocsi, b\u00e1l\u00e1z\u00f3, rendter\u00edt\u0151 \u00e9s f\u0171kasza beszerz\u00e9se \u2013 Elnyert t\u00e1mogat\u00e1s: 28 M Ft<\/li>\n\n\n\n<li>L\u00f3ist\u00e1ll\u00f3 \u00e9s m\u00e9h\u00e9szeti t\u00e1rol\u00f3 \u00e9p\u00fclet \u00e9p\u00edt\u00e9se &#8211; Elnyert t\u00e1mogat\u00e1s: 15,6 M Ft<\/li>\n\n\n\n<li>Oldalrendk\u00e9pz\u0151 \u00e9s f\u0171kasza beszerz\u00e9se \u2013 Elnyert t\u00e1mogat\u00e1s: 6,1 M Ft<\/li>\n<\/ul>\n<\/li>\n\n\n\n<li>Kert\u00e9szeti \u00fczemek korszer\u0171s\u00edt\u00e9se \u00e9s meg\u00faj\u00edt\u00e1sa p\u00e1ly\u00e1zatok:\n<ul class=\"wp-block-list\">\n<li>Burgonyabetakar\u00edt\u00f3 g\u00e9p beszerz\u00e9se \u2013 Elnyert t\u00e1mogat\u00e1s: 25 M Ft<\/li>\n\n\n\n<li>49 kW-os napelemes rendszer telep\u00edt\u00e9se, csomagol\u00f3g\u00e9p, z\u00f6lds\u00e9g dobmos\u00f3 g\u00e9p \u00e9s targonca beszerz\u00e9se \u2013 Elnyert t\u00e1mogat\u00e1s: 11,7 M Ft<\/li>\n\n\n\n<li>H\u0171t\u0151kont\u00e9nerek, gy\u00fcm\u00f6lcsmos\u00f3 g\u00e9p, l\u00e1dabillent\u0151 beszerz\u00e9se &#8211; Elnyert t\u00e1mogat\u00e1s: 5,4 M Ft<\/li>\n\n\n\n<li>Apr\u00f3magvet\u0151 g\u00e9p, permetez\u0151g\u00e9p beszerz\u00e9se \u2013 Elnyert t\u00e1mogat\u00e1s: 3,8 M Ft<\/li>\n<\/ul>\n<\/li>\n\n\n\n<li>Mez\u0151gazdas\u00e1g digit\u00e1lis \u00e1t\u00e1ll\u00e1s\u00e1hoz kapcsol\u00f3d\u00f3 prec\u00edzi\u00f3s fejleszt\u00e9sek t\u00e1mogat\u00e1sa c\u00edm\u0171 p\u00e1ly\u00e1zati ki\u00edr\u00e1sra beny\u00fajtott p\u00e1ly\u00e1zatok &#8211; Elnyert t\u00e1mogat\u00e1s 29,6 M Ft (Pl.: Claas Arion traktor beszerz\u00e9s, m\u0171tr\u00e1gya sz\u00f3r\u00f3 beszerz\u00e9s, prec\u00edzi\u00f3s szolg\u00e1ltat\u00e1sok)<\/li>\n\n\n\n<li>Mez\u0151gazdas\u00e1g digit\u00e1lis \u00e1t\u00e1ll\u00e1s\u00e1hoz kapcsol\u00f3d\u00f3 prec\u00edzi\u00f3s fejleszt\u00e9sek t\u00e1mogat\u00e1sa c\u00edm\u0171 p\u00e1ly\u00e1zati ki\u00edr\u00e1sra beny\u00fajtott p\u00e1ly\u00e1zatok &#8211; Elnyert t\u00e1mogat\u00e1s 34,092 M Ft (Pl.: John Deer 6175 prec\u00edzi\u00f3s traktor beszerz\u00e9s, m\u0171tr\u00e1gya sz\u00f3r\u00f3 beszerz\u00e9s, prec\u00edzi\u00f3s szolg\u00e1ltat\u00e1sok)<\/li>\n\n\n\n<li>Tany\u00e1k h\u00e1ztart\u00e1si l\u00e9pt\u00e9k\u0171 villamos energia \u00e9s v\u00edzell\u00e1t\u00e1s, valamint szennyv\u00edzkezel\u00e9si fejleszt\u00e9sei p\u00e1ly\u00e1zatok &#8211; Napelemes rendszer telep\u00edt\u00e9se tanyai, valamint k\u00fclter\u00fcleti lak\u00f3ingatlanokon <\/li>\n\n\n\n<li>Fiatal gazda p\u00e1ly\u00e1zatok<\/li>\n\n\n\n<li>Mez\u0151gazdas\u00e1gi kis\u00fczemi p\u00e1ly\u00e1zatok<\/li>\n<\/ul>\n\n\n\n<p><strong>GINOP \u00e9s GINOP Plusz p\u00e1ly\u00e1zatok:<\/strong><\/p>\n\n\n\n<ul class=\"wp-block-list\">\n<li>1410 m2-es szersz\u00e1m\u00fczlet, rakt\u00e1r- szersz\u00e1mk\u00f6lcs\u00f6nz\u0151 \u00e9s irodah\u00e1z \u00e9p\u00edt\u00e9se, technol\u00f3giai eszk\u00f6zfejleszt\u00e9s &#8211; Elnyert t\u00e1mogat\u00e1s: 314,3 M Ft<\/li>\n\n\n\n<li>Infrastruktur\u00e1lis beruh\u00e1z\u00e1s, ingatlan korszer\u0171s\u00edt\u00e9s, \u00e1talak\u00edt\u00e1s, napelem, eszk\u00f6zbeszerz\u00e9s (infokommunik\u00e1ci\u00f3s \u00e9s technol\u00f3giai fejleszt\u00e9st eredm\u00e9nyez\u0151), szoftver v\u00e1s\u00e1rl\u00e1s, soft skill \u00e9s szakmai ismeretekre ir\u00e1nyul\u00f3 k\u00e9pz\u00e9s, tan\u00e1csad\u00e1s \u2013 elnyert t\u00e1mogat\u00e1s 274 M Ft<\/li>\n\n\n\n<li>Eszk\u00f6zbeszerz\u00e9s (technol\u00f3giai fejleszt\u00e9st eredm\u00e9nyez\u0151), szellemi tulajdonv\u00e9delemmel, \u00fajdons\u00e1gvizsg\u00e1lattal \u00e9s szabadalmaz\u00e1ssal kapcsolatos tan\u00e1csad\u00e1s, inform\u00e1ci\u00f3s \u00e9s kommunik\u00e1ci\u00f3s (IKT) technol\u00f3gi\u00e1kra ir\u00e1nyul\u00f3 k\u00e9pz\u00e9s \u2013 elnyert t\u00e1mogat\u00e1s 92,6 M Ft<\/li>\n\n\n\n<li>Mag\u00e1nb\u00f6lcs\u0151de l\u00e9trehoz\u00e1sa: \u00e9p\u00fclet \u00e1talak\u00edt\u00e1sa, b\u0151v\u00edt\u00e9se, korszer\u0171s\u00edt\u00e9s, berendez\u00e9sek, illetve eszk\u00f6z\u00f6k beszerz\u00e9se \u2013 elnyert t\u00e1mogat\u00e1s 77,8 M Ft<\/li>\n\n\n\n<li>L\u00e1nctalpas forg\u00f3kotr\u00f3 g\u00e9p beszerz\u00e9s &#8211; Elnyert t\u00e1mogat\u00e1s: 46,4 M Ft<\/li>\n\n\n\n<li>Gumikerekes kotr\u00f3g\u00e9p beszerz\u00e9se &#8211; Elnyert t\u00e1mogat\u00e1s: 60 M Ft<\/li>\n\n\n\n<li>2 db teherlift beszerz\u00e9se \u2013 elnyert t\u00e1mogat\u00e1s 45,6 M Ft<\/li>\n\n\n\n<li>Esztergag\u00e9p \u00e9s tol\u00f3oszlopos targonc\u00e1k beszerz\u00e9se &#8211; Elnyert t\u00e1mogat\u00e1s: 40,5 M Ft<\/li>\n\n\n\n<li>Komplett f\u00f6d\u00e9mzsalu rendszer, Bobcat kompakt rakod\u00f3, t\u00e9glav\u00e1g\u00f3g\u00e9p, \u00e1ramfejleszt\u0151, egy\u00e9b g\u00e9pek, szersz\u00e1mok \u2013 elnyert t\u00e1mogat\u00e1s 38,5 M Ft<\/li>\n\n\n\n<li>33,2 kW-os napelemes rendszer, s\u00f3sz\u00f3r\u00f3 berendez\u00e9sek \u00e9s targonca beszerz\u00e9se \u2013 Elnyert t\u00e1mogat\u00e1s: 30 M Ft<\/li>\n\n\n\n<li>Automatikus lapanyagrakt\u00e1r beszerz\u00e9se \u2013 elnyert t\u00e1mogat\u00e1s 39,5 M Ft<\/li>\n\n\n\n<li>Kotr\u00f3-rakod\u00f3 g\u00e9p beszerz\u00e9se, Layher gurul\u00f3\u00e1llv\u00e1nyok beszerz\u00e9se, ny\u00edl\u00e1sz\u00e1r\u00f3 csere, belt\u00e9ri rendszer korszer\u0171s\u00edt\u00e9se, szigetel\u00e9s \u2013 elnyert t\u00e1mogat\u00e1s 35,5 M Ft<\/li>\n\n\n\n<li>Energetikai korszer\u0171s\u00edt\u00e9s: ny\u00edl\u00e1sz\u00e1r\u00f3 csere, megl\u00e9v\u0151 r\u00e9gi, elavult belt\u00e9ri vil\u00e1g\u00edt\u00e1si rendszerek korszer\u0171s\u00edt\u00e9se, f\u0171t\u00e9si- \u00e9s\/vagy haszn\u00e1lati melegv\u00edz-rendszerek korszer\u0171s\u00edt\u00e9se, polisztirolhab v\u00edzszintes illetve f\u00fcgg\u0151leges szigetel\u00e9s, leveg\u0151-v\u00edz h\u0151szivatty\u00fas rendszer, napelem \u2013 elnyert t\u00e1mogat\u00e1s 29,4 M Ft<\/li>\n\n\n\n<li>Energetikai korszer\u0171s\u00edt\u00e9s: ny\u00edl\u00e1sz\u00e1r\u00f3 csere, polisztirolhab lemez f\u00fcgg\u0151leges szigetel\u00e9s, f\u0171t\u00e9si- \u00e9s\/vagy haszn\u00e1lati melegv\u00edz-rendszerek korszer\u0171s\u00edt\u00e9se, Megl\u00e9v\u0151 r\u00e9gi, elavult belt\u00e9ri vil\u00e1g\u00edt\u00e1si rendszerek korszer\u0171s\u00edt\u00e9se, napelem \u2013 elnyert t\u00e1mogat\u00e1s 17,3 M Ft<\/li>\n\n\n\n<li>Teleszk\u00f3pos-rakod\u00f3g\u00e9p beszerz\u00e9se \u2013 Elnyert t\u00e1mogat\u00e1s: 13,5 M Ft<\/li>\n\n\n\n<li>BOBCAT rakod\u00f3 g\u00e9p beszerz\u00e9se \u2013 Elnyert t\u00e1mogat\u00e1s: 10 M Ft<\/li>\n\n\n\n<li>Napelemes rendszerek telep\u00edt\u00e9se<\/li>\n\n\n\n<li>Gyakornoki p\u00e1ly\u00e1zatok<\/li>\n\n\n\n<li>H\u00e1tr\u00e1nyos helyzet\u0171 telep\u00fcl\u00e9seken m\u0171k\u00f6d\u0151 mikro- \u00e9s kisv\u00e1llalkoz\u00e1sok fejleszt\u00e9seinek t\u00e1mogat\u00e1sa<\/li>\n<\/ul>\n\n\n\n<p><strong>Kistelep\u00fcl\u00e9si boltok t\u00e1mogat\u00e1sa:<\/strong><\/p>\n\n\n\n<ul class=\"wp-block-list\">\n<li>Ingatlan v\u00e1s\u00e1rl\u00e1s, homlokzat korszer\u0171s\u00edt\u00e9se, polcrendszer beszerz\u00e9se \u2013 elnyert t\u00e1mogat\u00e1s \u2013 20 M Ft<\/li>\n<\/ul>\n\n\n\n<p>Tekintettel arra, hogy <strong>nemzetk\u00f6zi p\u00e1ly\u00e1zat \u00edr\u00e1s\u00e1ban \u00e9s projektmenedzsmentben is van tapasztalatunk,<\/strong> \u00edgy ebben is sz\u00edvesen seg\u00edt\u00fcnk.<\/p>\n\n\n\n<p><\/p>\n\n\n\n<p><\/p>\n","protected":false},"excerpt":{"rendered":"<p>Referenci\u00e1k Koll\u00e9g\u00e1ink szakmai tapasztalata, \u00edgy referencia list\u00e1nk is &#8211; csapatunk eddigi munk\u00e1j\u00e1r\u00f3l &#8211; hossz\u00fa \u00e9vekre ny\u00falik vissza.&nbsp; N\u00e9h\u00e1ny kiemelt referenci\u00e1nk az elm\u00falt \u00e9vekb\u0151l: Vid\u00e9kfejleszt\u00e9si p\u00e1ly\u00e1zatok (KAP): Vid\u00e9kfejleszt\u00e9si p\u00e1ly\u00e1zatok (VP): GINOP \u00e9s GINOP Plusz p\u00e1ly\u00e1zatok: Kistelep\u00fcl\u00e9si boltok t\u00e1mogat\u00e1sa: Tekintettel arra, hogy nemzetk\u00f6zi p\u00e1ly\u00e1zat \u00edr\u00e1s\u00e1ban \u00e9s projektmenedzsmentben is van tapasztalatunk, \u00edgy ebben is sz\u00edvesen seg\u00edt\u00fcnk.<\/p>\n","protected":false},"author":1,"featured_media":0,"parent":0,"menu_order":0,"comment_status":"closed","ping_status":"closed","template":"","meta":{"ngg_post_thumbnail":0,"_kad_post_transparent":"","_kad_post_title":"","_kad_post_layout":"","_kad_post_sidebar_id":"","_kad_post_content_style":"","_kad_post_vertical_padding":"","_kad_post_feature":"","_kad_post_feature_position":"","_kad_post_header":false,"_kad_post_footer":false,"footnotes":""},"class_list":["post-64","page","type-page","status-publish","hentry"],"yoast_head":"<!-- This site is optimized with the Yoast SEO plugin v22.1 - https:\/\/yoast.com\/wordpress\/plugins\/seo\/ -->\n<title>Referenci\u00e1k - NY\u00cdR-P\u00c1LY\u00c1ZAT<\/title>\n<meta name=\"robots\" content=\"index, follow, max-snippet:-1, max-image-preview:large, max-video-preview:-1\" \/>\n<link rel=\"canonical\" href=\"https:\/\/www.nyirpalyazat.hu\/?page_id=64\" \/>\n<meta property=\"og:locale\" content=\"hu_HU\" \/>\n<meta property=\"og:type\" content=\"article\" \/>\n<meta property=\"og:title\" content=\"Referenci\u00e1k - NY\u00cdR-P\u00c1LY\u00c1ZAT\" \/>\n<meta property=\"og:description\" content=\"Referenci\u00e1k Koll\u00e9g\u00e1ink szakmai tapasztalata, \u00edgy referencia list\u00e1nk is &#8211; csapatunk eddigi munk\u00e1j\u00e1r\u00f3l &#8211; hossz\u00fa \u00e9vekre ny\u00falik vissza.&nbsp; N\u00e9h\u00e1ny kiemelt referenci\u00e1nk az elm\u00falt \u00e9vekb\u0151l: Vid\u00e9kfejleszt\u00e9si p\u00e1ly\u00e1zatok (KAP): Vid\u00e9kfejleszt\u00e9si p\u00e1ly\u00e1zatok (VP): GINOP \u00e9s GINOP Plusz p\u00e1ly\u00e1zatok: Kistelep\u00fcl\u00e9si boltok t\u00e1mogat\u00e1sa: Tekintettel arra, hogy nemzetk\u00f6zi p\u00e1ly\u00e1zat \u00edr\u00e1s\u00e1ban \u00e9s projektmenedzsmentben is van tapasztalatunk, \u00edgy ebben is sz\u00edvesen seg\u00edt\u00fcnk.\" \/>\n<meta property=\"og:url\" content=\"https:\/\/www.nyirpalyazat.hu\/?page_id=64\" \/>\n<meta property=\"og:site_name\" content=\"NY\u00cdR-P\u00c1LY\u00c1ZAT\" \/>\n<meta property=\"article:modified_time\" content=\"2025-10-17T12:49:26+00:00\" \/>\n<meta name=\"twitter:card\" content=\"summary_large_image\" \/>\n<meta name=\"twitter:label1\" content=\"Becs\u00fclt olvas\u00e1si id\u0151\" \/>\n\t<meta name=\"twitter:data1\" content=\"5 perc\" \/>\n<script type=\"application\/ld+json\" class=\"yoast-schema-graph\">{\"@context\":\"https:\/\/schema.org\",\"@graph\":[{\"@type\":\"WebPage\",\"@id\":\"https:\/\/www.nyirpalyazat.hu\/?page_id=64\",\"url\":\"https:\/\/www.nyirpalyazat.hu\/?page_id=64\",\"name\":\"Referenci\u00e1k - NY\u00cdR-P\u00c1LY\u00c1ZAT\",\"isPartOf\":{\"@id\":\"http:\/\/www.nyirpalyazat.hu\/#website\"},\"datePublished\":\"2022-02-08T21:35:04+00:00\",\"dateModified\":\"2025-10-17T12:49:26+00:00\",\"breadcrumb\":{\"@id\":\"https:\/\/www.nyirpalyazat.hu\/?page_id=64#breadcrumb\"},\"inLanguage\":\"hu\",\"potentialAction\":[{\"@type\":\"ReadAction\",\"target\":[\"https:\/\/www.nyirpalyazat.hu\/?page_id=64\"]}]},{\"@type\":\"BreadcrumbList\",\"@id\":\"https:\/\/www.nyirpalyazat.hu\/?page_id=64#breadcrumb\",\"itemListElement\":[{\"@type\":\"ListItem\",\"position\":1,\"name\":\"Kezd\u0151lap\",\"item\":\"http:\/\/www.nyirpalyazat.hu\/\"},{\"@type\":\"ListItem\",\"position\":2,\"name\":\"Referenci\u00e1k\"}]},{\"@type\":\"WebSite\",\"@id\":\"http:\/\/www.nyirpalyazat.hu\/#website\",\"url\":\"http:\/\/www.nyirpalyazat.hu\/\",\"name\":\"NY\u00cdR-P\u00c1LY\u00c1ZAT\",\"description\":\"Ny\u00edrp\u00e1ly\u00e1zat, P\u00e1ly\u00e1zat\u00edr\u00e1s, projekt menedzsment\",\"publisher\":{\"@id\":\"http:\/\/www.nyirpalyazat.hu\/#organization\"},\"potentialAction\":[{\"@type\":\"SearchAction\",\"target\":{\"@type\":\"EntryPoint\",\"urlTemplate\":\"http:\/\/www.nyirpalyazat.hu\/?s={search_term_string}\"},\"query-input\":\"required name=search_term_string\"}],\"inLanguage\":\"hu\"},{\"@type\":\"Organization\",\"@id\":\"http:\/\/www.nyirpalyazat.hu\/#organization\",\"name\":\"NY\u00cdR-P\u00c1LY\u00c1ZAT\",\"url\":\"http:\/\/www.nyirpalyazat.hu\/\",\"logo\":{\"@type\":\"ImageObject\",\"inLanguage\":\"hu\",\"@id\":\"http:\/\/www.nyirpalyazat.hu\/#\/schema\/logo\/image\/\",\"url\":\"https:\/\/www.nyirpalyazat.hu\/wp-content\/uploads\/2022\/02\/cropped-logo2-1.png\",\"contentUrl\":\"https:\/\/www.nyirpalyazat.hu\/wp-content\/uploads\/2022\/02\/cropped-logo2-1.png\",\"width\":113,\"height\":60,\"caption\":\"NY\u00cdR-P\u00c1LY\u00c1ZAT\"},\"image\":{\"@id\":\"http:\/\/www.nyirpalyazat.hu\/#\/schema\/logo\/image\/\"}}]}<\/script>\n<!-- \/ Yoast SEO plugin. -->","yoast_head_json":{"title":"Referenci\u00e1k - NY\u00cdR-P\u00c1LY\u00c1ZAT","robots":{"index":"index","follow":"follow","max-snippet":"max-snippet:-1","max-image-preview":"max-image-preview:large","max-video-preview":"max-video-preview:-1"},"canonical":"https:\/\/www.nyirpalyazat.hu\/?page_id=64","og_locale":"hu_HU","og_type":"article","og_title":"Referenci\u00e1k - NY\u00cdR-P\u00c1LY\u00c1ZAT","og_description":"Referenci\u00e1k Koll\u00e9g\u00e1ink szakmai tapasztalata, \u00edgy referencia list\u00e1nk is &#8211; csapatunk eddigi munk\u00e1j\u00e1r\u00f3l &#8211; hossz\u00fa \u00e9vekre ny\u00falik vissza.&nbsp; N\u00e9h\u00e1ny kiemelt referenci\u00e1nk az elm\u00falt \u00e9vekb\u0151l: Vid\u00e9kfejleszt\u00e9si p\u00e1ly\u00e1zatok (KAP): Vid\u00e9kfejleszt\u00e9si p\u00e1ly\u00e1zatok (VP): GINOP \u00e9s GINOP Plusz p\u00e1ly\u00e1zatok: Kistelep\u00fcl\u00e9si boltok t\u00e1mogat\u00e1sa: Tekintettel arra, hogy nemzetk\u00f6zi p\u00e1ly\u00e1zat \u00edr\u00e1s\u00e1ban \u00e9s projektmenedzsmentben is van tapasztalatunk, \u00edgy ebben is sz\u00edvesen seg\u00edt\u00fcnk.","og_url":"https:\/\/www.nyirpalyazat.hu\/?page_id=64","og_site_name":"NY\u00cdR-P\u00c1LY\u00c1ZAT","article_modified_time":"2025-10-17T12:49:26+00:00","twitter_card":"summary_large_image","twitter_misc":{"Becs\u00fclt olvas\u00e1si id\u0151":"5 perc"},"schema":{"@context":"https:\/\/schema.org","@graph":[{"@type":"WebPage","@id":"https:\/\/www.nyirpalyazat.hu\/?page_id=64","url":"https:\/\/www.nyirpalyazat.hu\/?page_id=64","name":"Referenci\u00e1k - NY\u00cdR-P\u00c1LY\u00c1ZAT","isPartOf":{"@id":"http:\/\/www.nyirpalyazat.hu\/#website"},"datePublished":"2022-02-08T21:35:04+00:00","dateModified":"2025-10-17T12:49:26+00:00","breadcrumb":{"@id":"https:\/\/www.nyirpalyazat.hu\/?page_id=64#breadcrumb"},"inLanguage":"hu","potentialAction":[{"@type":"ReadAction","target":["https:\/\/www.nyirpalyazat.hu\/?page_id=64"]}]},{"@type":"BreadcrumbList","@id":"https:\/\/www.nyirpalyazat.hu\/?page_id=64#breadcrumb","itemListElement":[{"@type":"ListItem","position":1,"name":"Kezd\u0151lap","item":"http:\/\/www.nyirpalyazat.hu\/"},{"@type":"ListItem","position":2,"name":"Referenci\u00e1k"}]},{"@type":"WebSite","@id":"http:\/\/www.nyirpalyazat.hu\/#website","url":"http:\/\/www.nyirpalyazat.hu\/","name":"NY\u00cdR-P\u00c1LY\u00c1ZAT","description":"Ny\u00edrp\u00e1ly\u00e1zat, P\u00e1ly\u00e1zat\u00edr\u00e1s, projekt menedzsment","publisher":{"@id":"http:\/\/www.nyirpalyazat.hu\/#organization"},"potentialAction":[{"@type":"SearchAction","target":{"@type":"EntryPoint","urlTemplate":"http:\/\/www.nyirpalyazat.hu\/?s={search_term_string}"},"query-input":"required name=search_term_string"}],"inLanguage":"hu"},{"@type":"Organization","@id":"http:\/\/www.nyirpalyazat.hu\/#organization","name":"NY\u00cdR-P\u00c1LY\u00c1ZAT","url":"http:\/\/www.nyirpalyazat.hu\/","logo":{"@type":"ImageObject","inLanguage":"hu","@id":"http:\/\/www.nyirpalyazat.hu\/#\/schema\/logo\/image\/","url":"https:\/\/www.nyirpalyazat.hu\/wp-content\/uploads\/2022\/02\/cropped-logo2-1.png","contentUrl":"https:\/\/www.nyirpalyazat.hu\/wp-content\/uploads\/2022\/02\/cropped-logo2-1.png","width":113,"height":60,"caption":"NY\u00cdR-P\u00c1LY\u00c1ZAT"},"image":{"@id":"http:\/\/www.nyirpalyazat.hu\/#\/schema\/logo\/image\/"}}]}},"_links":{"self":[{"href":"https:\/\/www.nyirpalyazat.hu\/index.php?rest_route=\/wp\/v2\/pages\/64","targetHints":{"allow":["GET"]}}],"collection":[{"href":"https:\/\/www.nyirpalyazat.hu\/index.php?rest_route=\/wp\/v2\/pages"}],"about":[{"href":"https:\/\/www.nyirpalyazat.hu\/index.php?rest_route=\/wp\/v2\/types\/page"}],"author":[{"embeddable":true,"href":"https:\/\/www.nyirpalyazat.hu\/index.php?rest_route=\/wp\/v2\/users\/1"}],"replies":[{"embeddable":true,"href":"https:\/\/www.nyirpalyazat.hu\/index.php?rest_route=%2Fwp%2Fv2%2Fcomments&post=64"}],"version-history":[{"count":14,"href":"https:\/\/www.nyirpalyazat.hu\/index.php?rest_route=\/wp\/v2\/pages\/64\/revisions"}],"predecessor-version":[{"id":467,"href":"https:\/\/www.nyirpalyazat.hu\/index.php?rest_route=\/wp\/v2\/pages\/64\/revisions\/467"}],"wp:attachment":[{"href":"https:\/\/www.nyirpalyazat.hu\/index.php?rest_route=%2Fwp%2Fv2%2Fmedia&parent=64"}],"curies":[{"name":"wp","href":"https:\/\/api.w.org\/{rel}","templated":true}]}}