{"id":22,"date":"2022-02-08T20:10:05","date_gmt":"2022-02-08T20:10:05","guid":{"rendered":"https:\/\/www.nyirpalyazat.hu\/?page_id=22"},"modified":"2025-10-17T11:45:17","modified_gmt":"2025-10-17T11:45:17","slug":"friss-palyazatok","status":"publish","type":"page","link":"https:\/\/www.nyirpalyazat.hu\/?page_id=22","title":{"rendered":"Friss p\u00e1ly\u00e1zatok"},"content":{"rendered":"\n<figure class=\"wp-block-image size-large\"><img loading=\"lazy\" decoding=\"async\" width=\"724\" height=\"1024\" src=\"https:\/\/www.nyirpalyazat.hu\/wp-content\/uploads\/2025\/10\/White-and-Green-Modern-Outdoor-Park-Adventure-Flyer-1-724x1024.jpg\" alt=\"\" class=\"wp-image-456\" srcset=\"https:\/\/www.nyirpalyazat.hu\/wp-content\/uploads\/2025\/10\/White-and-Green-Modern-Outdoor-Park-Adventure-Flyer-1-724x1024.jpg 724w, https:\/\/www.nyirpalyazat.hu\/wp-content\/uploads\/2025\/10\/White-and-Green-Modern-Outdoor-Park-Adventure-Flyer-1-212x300.jpg 212w, https:\/\/www.nyirpalyazat.hu\/wp-content\/uploads\/2025\/10\/White-and-Green-Modern-Outdoor-Park-Adventure-Flyer-1-768x1086.jpg 768w, https:\/\/www.nyirpalyazat.hu\/wp-content\/uploads\/2025\/10\/White-and-Green-Modern-Outdoor-Park-Adventure-Flyer-1-1086x1536.jpg 1086w, https:\/\/www.nyirpalyazat.hu\/wp-content\/uploads\/2025\/10\/White-and-Green-Modern-Outdoor-Park-Adventure-Flyer-1.jpg 1414w\" sizes=\"auto, (max-width: 724px) 100vw, 724px\" \/><\/figure>\n","protected":false},"excerpt":{"rendered":"","protected":false},"author":1,"featured_media":0,"parent":0,"menu_order":0,"comment_status":"closed","ping_status":"closed","template":"","meta":{"ngg_post_thumbnail":0,"_kad_post_transparent":"","_kad_post_title":"","_kad_post_layout":"","_kad_post_sidebar_id":"","_kad_post_content_style":"","_kad_post_vertical_padding":"","_kad_post_feature":"","_kad_post_feature_position":"","_kad_post_header":false,"_kad_post_footer":false,"footnotes":""},"class_list":["post-22","page","type-page","status-publish","hentry"],"yoast_head":"<!-- This site is optimized with the Yoast SEO plugin v22.1 - https:\/\/yoast.com\/wordpress\/plugins\/seo\/ -->\n<title>Friss p\u00e1ly\u00e1zatok - NY\u00cdR-P\u00c1LY\u00c1ZAT<\/title>\n<meta name=\"robots\" content=\"index, follow, max-snippet:-1, max-image-preview:large, max-video-preview:-1\" \/>\n<link rel=\"canonical\" href=\"https:\/\/www.nyirpalyazat.hu\/?page_id=22\" \/>\n<meta property=\"og:locale\" content=\"hu_HU\" \/>\n<meta property=\"og:type\" content=\"article\" \/>\n<meta property=\"og:title\" content=\"Friss p\u00e1ly\u00e1zatok - NY\u00cdR-P\u00c1LY\u00c1ZAT\" \/>\n<meta property=\"og:url\" content=\"https:\/\/www.nyirpalyazat.hu\/?page_id=22\" \/>\n<meta property=\"og:site_name\" content=\"NY\u00cdR-P\u00c1LY\u00c1ZAT\" \/>\n<meta property=\"article:modified_time\" content=\"2025-10-17T11:45:17+00:00\" \/>\n<meta property=\"og:image\" content=\"https:\/\/www.nyirpalyazat.hu\/wp-content\/uploads\/2025\/10\/White-and-Green-Modern-Outdoor-Park-Adventure-Flyer-1-724x1024.jpg\" \/>\n<meta name=\"twitter:card\" content=\"summary_large_image\" \/>\n<meta name=\"twitter:label1\" content=\"Becs\u00fclt olvas\u00e1si id\u0151\" \/>\n\t<meta name=\"twitter:data1\" content=\"1 perc\" \/>\n<script type=\"application\/ld+json\" class=\"yoast-schema-graph\">{\"@context\":\"https:\/\/schema.org\",\"@graph\":[{\"@type\":[\"WebPage\",\"CollectionPage\"],\"@id\":\"https:\/\/www.nyirpalyazat.hu\/?page_id=22\",\"url\":\"https:\/\/www.nyirpalyazat.hu\/?page_id=22\",\"name\":\"Friss p\u00e1ly\u00e1zatok - NY\u00cdR-P\u00c1LY\u00c1ZAT\",\"isPartOf\":{\"@id\":\"http:\/\/www.nyirpalyazat.hu\/#website\"},\"datePublished\":\"2022-02-08T20:10:05+00:00\",\"dateModified\":\"2025-10-17T11:45:17+00:00\",\"breadcrumb\":{\"@id\":\"https:\/\/www.nyirpalyazat.hu\/?page_id=22#breadcrumb\"},\"inLanguage\":\"hu\"},{\"@type\":\"BreadcrumbList\",\"@id\":\"https:\/\/www.nyirpalyazat.hu\/?page_id=22#breadcrumb\",\"itemListElement\":[{\"@type\":\"ListItem\",\"position\":1,\"name\":\"Kezd\u0151lap\",\"item\":\"http:\/\/www.nyirpalyazat.hu\/\"},{\"@type\":\"ListItem\",\"position\":2,\"name\":\"Friss p\u00e1ly\u00e1zatok\"}]},{\"@type\":\"WebSite\",\"@id\":\"http:\/\/www.nyirpalyazat.hu\/#website\",\"url\":\"http:\/\/www.nyirpalyazat.hu\/\",\"name\":\"NY\u00cdR-P\u00c1LY\u00c1ZAT\",\"description\":\"Ny\u00edrp\u00e1ly\u00e1zat, P\u00e1ly\u00e1zat\u00edr\u00e1s, projekt menedzsment\",\"publisher\":{\"@id\":\"http:\/\/www.nyirpalyazat.hu\/#organization\"},\"potentialAction\":[{\"@type\":\"SearchAction\",\"target\":{\"@type\":\"EntryPoint\",\"urlTemplate\":\"http:\/\/www.nyirpalyazat.hu\/?s={search_term_string}\"},\"query-input\":\"required name=search_term_string\"}],\"inLanguage\":\"hu\"},{\"@type\":\"Organization\",\"@id\":\"http:\/\/www.nyirpalyazat.hu\/#organization\",\"name\":\"NY\u00cdR-P\u00c1LY\u00c1ZAT\",\"url\":\"http:\/\/www.nyirpalyazat.hu\/\",\"logo\":{\"@type\":\"ImageObject\",\"inLanguage\":\"hu\",\"@id\":\"http:\/\/www.nyirpalyazat.hu\/#\/schema\/logo\/image\/\",\"url\":\"https:\/\/www.nyirpalyazat.hu\/wp-content\/uploads\/2022\/02\/cropped-logo2-1.png\",\"contentUrl\":\"https:\/\/www.nyirpalyazat.hu\/wp-content\/uploads\/2022\/02\/cropped-logo2-1.png\",\"width\":113,\"height\":60,\"caption\":\"NY\u00cdR-P\u00c1LY\u00c1ZAT\"},\"image\":{\"@id\":\"http:\/\/www.nyirpalyazat.hu\/#\/schema\/logo\/image\/\"}}]}<\/script>\n<!-- \/ Yoast SEO plugin. -->","yoast_head_json":{"title":"Friss p\u00e1ly\u00e1zatok - NY\u00cdR-P\u00c1LY\u00c1ZAT","robots":{"index":"index","follow":"follow","max-snippet":"max-snippet:-1","max-image-preview":"max-image-preview:large","max-video-preview":"max-video-preview:-1"},"canonical":"https:\/\/www.nyirpalyazat.hu\/?page_id=22","og_locale":"hu_HU","og_type":"article","og_title":"Friss p\u00e1ly\u00e1zatok - NY\u00cdR-P\u00c1LY\u00c1ZAT","og_url":"https:\/\/www.nyirpalyazat.hu\/?page_id=22","og_site_name":"NY\u00cdR-P\u00c1LY\u00c1ZAT","article_modified_time":"2025-10-17T11:45:17+00:00","og_image":[{"url":"https:\/\/www.nyirpalyazat.hu\/wp-content\/uploads\/2025\/10\/White-and-Green-Modern-Outdoor-Park-Adventure-Flyer-1-724x1024.jpg"}],"twitter_card":"summary_large_image","twitter_misc":{"Becs\u00fclt olvas\u00e1si id\u0151":"1 perc"},"schema":{"@context":"https:\/\/schema.org","@graph":[{"@type":["WebPage","CollectionPage"],"@id":"https:\/\/www.nyirpalyazat.hu\/?page_id=22","url":"https:\/\/www.nyirpalyazat.hu\/?page_id=22","name":"Friss p\u00e1ly\u00e1zatok - NY\u00cdR-P\u00c1LY\u00c1ZAT","isPartOf":{"@id":"http:\/\/www.nyirpalyazat.hu\/#website"},"datePublished":"2022-02-08T20:10:05+00:00","dateModified":"2025-10-17T11:45:17+00:00","breadcrumb":{"@id":"https:\/\/www.nyirpalyazat.hu\/?page_id=22#breadcrumb"},"inLanguage":"hu"},{"@type":"BreadcrumbList","@id":"https:\/\/www.nyirpalyazat.hu\/?page_id=22#breadcrumb","itemListElement":[{"@type":"ListItem","position":1,"name":"Kezd\u0151lap","item":"http:\/\/www.nyirpalyazat.hu\/"},{"@type":"ListItem","position":2,"name":"Friss p\u00e1ly\u00e1zatok"}]},{"@type":"WebSite","@id":"http:\/\/www.nyirpalyazat.hu\/#website","url":"http:\/\/www.nyirpalyazat.hu\/","name":"NY\u00cdR-P\u00c1LY\u00c1ZAT","description":"Ny\u00edrp\u00e1ly\u00e1zat, P\u00e1ly\u00e1zat\u00edr\u00e1s, projekt menedzsment","publisher":{"@id":"http:\/\/www.nyirpalyazat.hu\/#organization"},"potentialAction":[{"@type":"SearchAction","target":{"@type":"EntryPoint","urlTemplate":"http:\/\/www.nyirpalyazat.hu\/?s={search_term_string}"},"query-input":"required name=search_term_string"}],"inLanguage":"hu"},{"@type":"Organization","@id":"http:\/\/www.nyirpalyazat.hu\/#organization","name":"NY\u00cdR-P\u00c1LY\u00c1ZAT","url":"http:\/\/www.nyirpalyazat.hu\/","logo":{"@type":"ImageObject","inLanguage":"hu","@id":"http:\/\/www.nyirpalyazat.hu\/#\/schema\/logo\/image\/","url":"https:\/\/www.nyirpalyazat.hu\/wp-content\/uploads\/2022\/02\/cropped-logo2-1.png","contentUrl":"https:\/\/www.nyirpalyazat.hu\/wp-content\/uploads\/2022\/02\/cropped-logo2-1.png","width":113,"height":60,"caption":"NY\u00cdR-P\u00c1LY\u00c1ZAT"},"image":{"@id":"http:\/\/www.nyirpalyazat.hu\/#\/schema\/logo\/image\/"}}]}},"_links":{"self":[{"href":"https:\/\/www.nyirpalyazat.hu\/index.php?rest_route=\/wp\/v2\/pages\/22","targetHints":{"allow":["GET"]}}],"collection":[{"href":"https:\/\/www.nyirpalyazat.hu\/index.php?rest_route=\/wp\/v2\/pages"}],"about":[{"href":"https:\/\/www.nyirpalyazat.hu\/index.php?rest_route=\/wp\/v2\/types\/page"}],"author":[{"embeddable":true,"href":"https:\/\/www.nyirpalyazat.hu\/index.php?rest_route=\/wp\/v2\/users\/1"}],"replies":[{"embeddable":true,"href":"https:\/\/www.nyirpalyazat.hu\/index.php?rest_route=%2Fwp%2Fv2%2Fcomments&post=22"}],"version-history":[{"count":3,"href":"https:\/\/www.nyirpalyazat.hu\/index.php?rest_route=\/wp\/v2\/pages\/22\/revisions"}],"predecessor-version":[{"id":458,"href":"https:\/\/www.nyirpalyazat.hu\/index.php?rest_route=\/wp\/v2\/pages\/22\/revisions\/458"}],"wp:attachment":[{"href":"https:\/\/www.nyirpalyazat.hu\/index.php?rest_route=%2Fwp%2Fv2%2Fmedia&parent=22"}],"curies":[{"name":"wp","href":"https:\/\/api.w.org\/{rel}","templated":true}]}}