{"id":18,"date":"2022-02-08T19:44:36","date_gmt":"2022-02-08T19:44:36","guid":{"rendered":"https:\/\/www.nyirpalyazat.hu\/?page_id=18"},"modified":"2022-02-11T08:58:05","modified_gmt":"2022-02-11T08:58:05","slug":"kapcsolat-elerhetoseg","status":"publish","type":"page","link":"https:\/\/www.nyirpalyazat.hu\/?page_id=18","title":{"rendered":"Kapcsolat, el\u00e9rhet\u0151s\u00e9g"},"content":{"rendered":"\n<p class=\"has-text-align-center has-theme-palette-5-color has-text-color has-large-font-size\">\u00dcgyf\u00e9l kapcsolat, el\u00e9rhet\u0151s\u00e9g<\/p>\n\n\n\n<p class=\"has-text-align-center has-theme-palette-5-color has-text-color has-medium-font-size\"><strong>H\u00e9tf\u0151 &#8211; P\u00e9ntek: 08:00-17:00<\/strong><\/p>\n\n\n\n<p class=\"has-theme-palette-5-color has-text-color\"><strong>N\u00e9v:<\/strong> Marj\u00e1nn\u00e9 Moln\u00e1r Ren\u00e1ta &#8211; p\u00e1ly\u00e1zat\u00edr\u00f3, projektmenedzser<\/p>\n\n\n\n<p class=\"has-theme-palette-5-color has-text-color\"><strong>Telefonsz\u00e1m:<\/strong> +36-70-614-8527<\/p>\n\n\n\n<p class=\"has-theme-palette-5-color has-text-color\"><strong>E-mail c\u00edm:<\/strong> info@palyazatiforum.hu<\/p>\n","protected":false},"excerpt":{"rendered":"<p>\u00dcgyf\u00e9l kapcsolat, el\u00e9rhet\u0151s\u00e9g H\u00e9tf\u0151 &#8211; P\u00e9ntek: 08:00-17:00 N\u00e9v: Marj\u00e1nn\u00e9 Moln\u00e1r Ren\u00e1ta &#8211; p\u00e1ly\u00e1zat\u00edr\u00f3, projektmenedzser Telefonsz\u00e1m: +36-70-614-8527 E-mail c\u00edm: info@palyazatiforum.hu<\/p>\n","protected":false},"author":1,"featured_media":0,"parent":0,"menu_order":0,"comment_status":"closed","ping_status":"closed","template":"","meta":{"ngg_post_thumbnail":0,"_kad_post_transparent":"","_kad_post_title":"","_kad_post_layout":"","_kad_post_sidebar_id":"","_kad_post_content_style":"","_kad_post_vertical_padding":"","_kad_post_feature":"","_kad_post_feature_position":"","_kad_post_header":false,"_kad_post_footer":false,"footnotes":""},"class_list":["post-18","page","type-page","status-publish","hentry"],"yoast_head":"<!-- This site is optimized with the Yoast SEO plugin v22.1 - https:\/\/yoast.com\/wordpress\/plugins\/seo\/ -->\n<title>Kapcsolat, el\u00e9rhet\u0151s\u00e9g - NY\u00cdR-P\u00c1LY\u00c1ZAT<\/title>\n<meta name=\"robots\" content=\"index, follow, max-snippet:-1, max-image-preview:large, max-video-preview:-1\" \/>\n<link rel=\"canonical\" href=\"https:\/\/www.nyirpalyazat.hu\/?page_id=18\" \/>\n<meta property=\"og:locale\" content=\"hu_HU\" \/>\n<meta property=\"og:type\" content=\"article\" \/>\n<meta property=\"og:title\" content=\"Kapcsolat, el\u00e9rhet\u0151s\u00e9g - NY\u00cdR-P\u00c1LY\u00c1ZAT\" \/>\n<meta property=\"og:description\" content=\"\u00dcgyf\u00e9l kapcsolat, el\u00e9rhet\u0151s\u00e9g H\u00e9tf\u0151 &#8211; P\u00e9ntek: 08:00-17:00 N\u00e9v: Marj\u00e1nn\u00e9 Moln\u00e1r Ren\u00e1ta &#8211; p\u00e1ly\u00e1zat\u00edr\u00f3, projektmenedzser Telefonsz\u00e1m: +36-70-614-8527 E-mail c\u00edm: info@palyazatiforum.hu\" \/>\n<meta property=\"og:url\" content=\"https:\/\/www.nyirpalyazat.hu\/?page_id=18\" \/>\n<meta property=\"og:site_name\" content=\"NY\u00cdR-P\u00c1LY\u00c1ZAT\" \/>\n<meta property=\"article:modified_time\" content=\"2022-02-11T08:58:05+00:00\" \/>\n<meta name=\"twitter:card\" content=\"summary_large_image\" \/>\n<meta name=\"twitter:label1\" content=\"Becs\u00fclt olvas\u00e1si id\u0151\" \/>\n\t<meta name=\"twitter:data1\" content=\"1 perc\" \/>\n<script type=\"application\/ld+json\" class=\"yoast-schema-graph\">{\"@context\":\"https:\/\/schema.org\",\"@graph\":[{\"@type\":\"WebPage\",\"@id\":\"https:\/\/www.nyirpalyazat.hu\/?page_id=18\",\"url\":\"https:\/\/www.nyirpalyazat.hu\/?page_id=18\",\"name\":\"Kapcsolat, el\u00e9rhet\u0151s\u00e9g - NY\u00cdR-P\u00c1LY\u00c1ZAT\",\"isPartOf\":{\"@id\":\"http:\/\/www.nyirpalyazat.hu\/#website\"},\"datePublished\":\"2022-02-08T19:44:36+00:00\",\"dateModified\":\"2022-02-11T08:58:05+00:00\",\"breadcrumb\":{\"@id\":\"https:\/\/www.nyirpalyazat.hu\/?page_id=18#breadcrumb\"},\"inLanguage\":\"hu\",\"potentialAction\":[{\"@type\":\"ReadAction\",\"target\":[\"https:\/\/www.nyirpalyazat.hu\/?page_id=18\"]}]},{\"@type\":\"BreadcrumbList\",\"@id\":\"https:\/\/www.nyirpalyazat.hu\/?page_id=18#breadcrumb\",\"itemListElement\":[{\"@type\":\"ListItem\",\"position\":1,\"name\":\"Kezd\u0151lap\",\"item\":\"http:\/\/www.nyirpalyazat.hu\/\"},{\"@type\":\"ListItem\",\"position\":2,\"name\":\"Kapcsolat, el\u00e9rhet\u0151s\u00e9g\"}]},{\"@type\":\"WebSite\",\"@id\":\"http:\/\/www.nyirpalyazat.hu\/#website\",\"url\":\"http:\/\/www.nyirpalyazat.hu\/\",\"name\":\"NY\u00cdR-P\u00c1LY\u00c1ZAT\",\"description\":\"Ny\u00edrp\u00e1ly\u00e1zat, P\u00e1ly\u00e1zat\u00edr\u00e1s, projekt menedzsment\",\"publisher\":{\"@id\":\"http:\/\/www.nyirpalyazat.hu\/#organization\"},\"potentialAction\":[{\"@type\":\"SearchAction\",\"target\":{\"@type\":\"EntryPoint\",\"urlTemplate\":\"http:\/\/www.nyirpalyazat.hu\/?s={search_term_string}\"},\"query-input\":\"required name=search_term_string\"}],\"inLanguage\":\"hu\"},{\"@type\":\"Organization\",\"@id\":\"http:\/\/www.nyirpalyazat.hu\/#organization\",\"name\":\"NY\u00cdR-P\u00c1LY\u00c1ZAT\",\"url\":\"http:\/\/www.nyirpalyazat.hu\/\",\"logo\":{\"@type\":\"ImageObject\",\"inLanguage\":\"hu\",\"@id\":\"http:\/\/www.nyirpalyazat.hu\/#\/schema\/logo\/image\/\",\"url\":\"https:\/\/www.nyirpalyazat.hu\/wp-content\/uploads\/2022\/02\/cropped-logo2-1.png\",\"contentUrl\":\"https:\/\/www.nyirpalyazat.hu\/wp-content\/uploads\/2022\/02\/cropped-logo2-1.png\",\"width\":113,\"height\":60,\"caption\":\"NY\u00cdR-P\u00c1LY\u00c1ZAT\"},\"image\":{\"@id\":\"http:\/\/www.nyirpalyazat.hu\/#\/schema\/logo\/image\/\"}}]}<\/script>\n<!-- \/ Yoast SEO plugin. -->","yoast_head_json":{"title":"Kapcsolat, el\u00e9rhet\u0151s\u00e9g - NY\u00cdR-P\u00c1LY\u00c1ZAT","robots":{"index":"index","follow":"follow","max-snippet":"max-snippet:-1","max-image-preview":"max-image-preview:large","max-video-preview":"max-video-preview:-1"},"canonical":"https:\/\/www.nyirpalyazat.hu\/?page_id=18","og_locale":"hu_HU","og_type":"article","og_title":"Kapcsolat, el\u00e9rhet\u0151s\u00e9g - NY\u00cdR-P\u00c1LY\u00c1ZAT","og_description":"\u00dcgyf\u00e9l kapcsolat, el\u00e9rhet\u0151s\u00e9g H\u00e9tf\u0151 &#8211; P\u00e9ntek: 08:00-17:00 N\u00e9v: Marj\u00e1nn\u00e9 Moln\u00e1r Ren\u00e1ta &#8211; p\u00e1ly\u00e1zat\u00edr\u00f3, projektmenedzser Telefonsz\u00e1m: +36-70-614-8527 E-mail c\u00edm: info@palyazatiforum.hu","og_url":"https:\/\/www.nyirpalyazat.hu\/?page_id=18","og_site_name":"NY\u00cdR-P\u00c1LY\u00c1ZAT","article_modified_time":"2022-02-11T08:58:05+00:00","twitter_card":"summary_large_image","twitter_misc":{"Becs\u00fclt olvas\u00e1si id\u0151":"1 perc"},"schema":{"@context":"https:\/\/schema.org","@graph":[{"@type":"WebPage","@id":"https:\/\/www.nyirpalyazat.hu\/?page_id=18","url":"https:\/\/www.nyirpalyazat.hu\/?page_id=18","name":"Kapcsolat, el\u00e9rhet\u0151s\u00e9g - NY\u00cdR-P\u00c1LY\u00c1ZAT","isPartOf":{"@id":"http:\/\/www.nyirpalyazat.hu\/#website"},"datePublished":"2022-02-08T19:44:36+00:00","dateModified":"2022-02-11T08:58:05+00:00","breadcrumb":{"@id":"https:\/\/www.nyirpalyazat.hu\/?page_id=18#breadcrumb"},"inLanguage":"hu","potentialAction":[{"@type":"ReadAction","target":["https:\/\/www.nyirpalyazat.hu\/?page_id=18"]}]},{"@type":"BreadcrumbList","@id":"https:\/\/www.nyirpalyazat.hu\/?page_id=18#breadcrumb","itemListElement":[{"@type":"ListItem","position":1,"name":"Kezd\u0151lap","item":"http:\/\/www.nyirpalyazat.hu\/"},{"@type":"ListItem","position":2,"name":"Kapcsolat, el\u00e9rhet\u0151s\u00e9g"}]},{"@type":"WebSite","@id":"http:\/\/www.nyirpalyazat.hu\/#website","url":"http:\/\/www.nyirpalyazat.hu\/","name":"NY\u00cdR-P\u00c1LY\u00c1ZAT","description":"Ny\u00edrp\u00e1ly\u00e1zat, P\u00e1ly\u00e1zat\u00edr\u00e1s, projekt menedzsment","publisher":{"@id":"http:\/\/www.nyirpalyazat.hu\/#organization"},"potentialAction":[{"@type":"SearchAction","target":{"@type":"EntryPoint","urlTemplate":"http:\/\/www.nyirpalyazat.hu\/?s={search_term_string}"},"query-input":"required name=search_term_string"}],"inLanguage":"hu"},{"@type":"Organization","@id":"http:\/\/www.nyirpalyazat.hu\/#organization","name":"NY\u00cdR-P\u00c1LY\u00c1ZAT","url":"http:\/\/www.nyirpalyazat.hu\/","logo":{"@type":"ImageObject","inLanguage":"hu","@id":"http:\/\/www.nyirpalyazat.hu\/#\/schema\/logo\/image\/","url":"https:\/\/www.nyirpalyazat.hu\/wp-content\/uploads\/2022\/02\/cropped-logo2-1.png","contentUrl":"https:\/\/www.nyirpalyazat.hu\/wp-content\/uploads\/2022\/02\/cropped-logo2-1.png","width":113,"height":60,"caption":"NY\u00cdR-P\u00c1LY\u00c1ZAT"},"image":{"@id":"http:\/\/www.nyirpalyazat.hu\/#\/schema\/logo\/image\/"}}]}},"_links":{"self":[{"href":"https:\/\/www.nyirpalyazat.hu\/index.php?rest_route=\/wp\/v2\/pages\/18","targetHints":{"allow":["GET"]}}],"collection":[{"href":"https:\/\/www.nyirpalyazat.hu\/index.php?rest_route=\/wp\/v2\/pages"}],"about":[{"href":"https:\/\/www.nyirpalyazat.hu\/index.php?rest_route=\/wp\/v2\/types\/page"}],"author":[{"embeddable":true,"href":"https:\/\/www.nyirpalyazat.hu\/index.php?rest_route=\/wp\/v2\/users\/1"}],"replies":[{"embeddable":true,"href":"https:\/\/www.nyirpalyazat.hu\/index.php?rest_route=%2Fwp%2Fv2%2Fcomments&post=18"}],"version-history":[{"count":12,"href":"https:\/\/www.nyirpalyazat.hu\/index.php?rest_route=\/wp\/v2\/pages\/18\/revisions"}],"predecessor-version":[{"id":151,"href":"https:\/\/www.nyirpalyazat.hu\/index.php?rest_route=\/wp\/v2\/pages\/18\/revisions\/151"}],"wp:attachment":[{"href":"https:\/\/www.nyirpalyazat.hu\/index.php?rest_route=%2Fwp%2Fv2%2Fmedia&parent=18"}],"curies":[{"name":"wp","href":"https:\/\/api.w.org\/{rel}","templated":true}]}}