{"id":14,"date":"2022-02-08T19:43:28","date_gmt":"2022-02-08T19:43:28","guid":{"rendered":"https:\/\/www.nyirpalyazat.hu\/?page_id=14"},"modified":"2022-02-09T10:35:00","modified_gmt":"2022-02-09T10:35:00","slug":"palyazati-kisokos","status":"publish","type":"page","link":"https:\/\/www.nyirpalyazat.hu\/?page_id=14","title":{"rendered":"P\u00e1ly\u00e1zati tudnival\u00f3k"},"content":{"rendered":"\n<p class=\"has-text-align-center has-theme-palette-5-color has-text-color has-large-font-size\">P\u00e1ly\u00e1zati tudnival\u00f3k, p\u00e1ly\u00e1z\u00e1s folyamata<\/p>\n\n\n\n<p><strong>P\u00e1ly\u00e1zat el\u0151k\u00e9sz\u00edt\u00e9se:<\/strong>&nbsp;a p\u00e1ly\u00e1zat el\u0151k\u00e9sz\u00edt\u00e9s\u00e9nek els\u0151 l\u00e9p\u00e9se a projekt \u00f6tlet, amely t\u00f6bb megval\u00f3s\u00edt\u00e1si c\u00e9lra ir\u00e1nyulhat. P\u00e1ly\u00e1zni lehet valamilyen fejleszt\u00e9sre, beruh\u00e1z\u00e1sra, g\u00e9pbeszerz\u00e9sre, adott szervezet, v\u00e1llalkoz\u00e1s munkat\u00e1rsainak k\u00e9pz\u00e9s\u00e9re, de ak\u00e1r valamilyen szolg\u00e1ltat\u00e1s ig\u00e9nybev\u00e9tel\u00e9hez is ig\u00e9nyelhet\u00fcnk t\u00e1mogat\u00e1st.<\/p>\n\n\n\n<p>Ha m\u00e1r megvan a projekt\u00f6tlet\u00fcnk, amelyhez t\u00e1mogat\u00e1st szeretn\u00e9nk ig\u00e9nybe venni, akkor meg kell keresn\u00fcnk a projektterv\u00fcnk szempontj\u00e1b\u00f3l legjobb felt\u00e9teleket k\u00edn\u00e1l\u00f3 p\u00e1ly\u00e1zati lehet\u0151s\u00e9geket. Ezt megtehetj\u00fck az Internetet vagy k\u00fcl\u00f6nf\u00e9le szakmai lapokat b\u00f6ng\u00e9szve saj\u00e1t magunk, de legt\u00f6bb esetben \u00e9rdemes p\u00e1ly\u00e1zati szak\u00e9rt\u0151 tan\u00e1cs\u00e1t kik\u00e9rn\u00fcnk, aki a sokf\u00e9le p\u00e1ly\u00e1zati lehet\u0151s\u00e9g k\u00f6z\u00fcl seg\u00edt a legmegfelel\u0151bb p\u00e1ly\u00e1zat kiv\u00e1laszt\u00e1s\u00e1ban.<\/p>\n\n\n\n<p>A p\u00e1ly\u00e1zat el\u0151k\u00e9sz\u00edt\u00e9s\u00e9nek k\u00f6vetkez\u0151 l\u00e9p\u00e9se a p\u00e1ly\u00e1zati ki\u00edr\u00e1s alapos, t\u00f6bbsz\u00f6ri \u00e1tolvas\u00e1sa \u00e9s \u00e9rtelmez\u00e9se, mely sor\u00e1n megismerj\u00fck a p\u00e1ly\u00e1zatban meghat\u00e1rozott felt\u00e9teleket, amelyeknek a k\u00e9s\u0151bbiekben meg kell majd felel\u00fcnk.<\/p>\n\n\n\n<p>Az el\u0151k\u00e9sz\u00edt\u00e9s akt\u00edvabb r\u00e9sz\u00e9t a p\u00e1ly\u00e1zati felh\u00edv\u00e1s szerint el\u0151\u00edrt k\u00f6telez\u0151 mell\u00e9kletek \u00f6sszegy\u0171jt\u00e9se, elk\u00e9sz\u00edt\u00e9se, valamint a konkr\u00e9t P\u00e1ly\u00e1zati adatlap kit\u00f6lt\u00e9se k\u00e9pezi.<\/p>\n\n\n\n<p><strong>P\u00e1ly\u00e1zat beny\u00fajt\u00e1sa:<\/strong>&nbsp;ha a P\u00e1ly\u00e1zati adatlap kit\u00f6lt\u00e9s\u00e9vel \u00e9s a sz\u00fcks\u00e9ges mell\u00e9kletek beszerz\u00e9s\u00e9vel, elk\u00e9sz\u00edt\u00e9s\u00e9vel v\u00e9gezt\u00fcnk, sor ker\u00fclhet a p\u00e1ly\u00e1zati felh\u00edv\u00e1sban meghat\u00e1rozott beny\u00fajt\u00e1si hat\u00e1rid\u0151ig a p\u00e1ly\u00e1zatunknak a Ki\u00edr\u00f3 int\u00e9zm\u00e9ny fel\u00e9 t\u00f6rt\u00e9n\u0151 beny\u00fajt\u00e1s\u00e1ra. Ezt az el\u0151\u00edrtak f\u00fcggv\u00e9ny\u00e9ben pap\u00edr alapon vagy elektronikusan tehetj\u00fck meg. Az eur\u00f3pai uni\u00f3s alapokb\u00f3l sz\u00e1rmaz\u00f3 t\u00e1mogat\u00e1sok eset\u00e9n a p\u00e1ly\u00e1zatot kiz\u00e1r\u00f3lag elektronikusan lehet beny\u00fajtani az erre rendelkez\u00e9sre \u00e1ll\u00f3 Fejleszt\u00e9spolitikai Adatb\u00e1zis \u00e9s Inform\u00e1ci\u00f3s Rendszer (FAIR) azaz a p\u00e1ly\u00e1zati elektronikus \u00fcgyint\u00e9z\u00e9si rendszeren kereszt\u00fcl (illetve n\u00e9h\u00e1ny esetben \u00fcgyf\u00e9lkapun). A lez\u00e1rt k\u00e9relemhez a rendszer az elektronikusan elk\u00e9sz\u00edtett \u00e9s lez\u00e1rt t\u00e1mogat\u00e1si k\u00e9relem elektronikus beny\u00fajt\u00e1s\u00e1t hiteles\u00edt\u0151 nyilatkozatot gener\u00e1l a t\u00e1mogat\u00e1st ig\u00e9nyl\u0151 r\u00e9sz\u00e9re, amelyet a p\u00e1ly\u00e1z\u00f3nak szint\u00e9n be kell ny\u00fajtani az elektronikus rendszeren kereszt\u00fcl.<\/p>\n\n\n\n<p><strong>Hi\u00e1nyp\u00f3tl\u00e1s:<\/strong>&nbsp;amennyiben a beny\u00fajtott p\u00e1ly\u00e1zati dokument\u00e1ci\u00f3nk formai szempontb\u00f3l hi\u00e1nyos, \u00e9s a p\u00e1ly\u00e1zati ki\u00edr\u00e1s erre lehet\u0151s\u00e9get ad, abban az esetben a p\u00e1ly\u00e1zatot ki\u00edr\u00f3 szerv felh\u00edvja a figyelm\u00fcnket a hi\u00e1nyoss\u00e1gok p\u00f3tl\u00e1s\u00e1ra, esetleg tiszt\u00e1z\u00f3 k\u00e9rd\u00e9sek megv\u00e1laszol\u00e1s\u00e1ra.<\/p>\n\n\n\n<p><strong>P\u00e1ly\u00e1zat befogad\u00e1sa:<\/strong>&nbsp;amennyiben a t\u00e1mogat\u00e1si k\u00e9relem megfelel a felt\u00e9teleknek, a p\u00e1ly\u00e1zat befogad\u00e1sra ker\u00fcl.<\/p>\n\n\n\n<p>A p\u00e1ly\u00e1zat kedvez\u0151 elb\u00edr\u00e1l\u00e1sa eset\u00e9n a ki\u00edr\u00f3 szerv T\u00e1mogat\u00e1si szerz\u0151d\u00e9st k\u00f6t a P\u00e1ly\u00e1z\u00f3val, vagy bizonyos p\u00e1ly\u00e1zatok eset\u00e9n T\u00e1mogat\u00f3i Okiratot k\u00fcld a P\u00e1ly\u00e1z\u00f3 r\u00e9sz\u00e9re.<\/p>\n\n\n\n<div class=\"wp-block-image\"><figure class=\"aligncenter size-full\"><img loading=\"lazy\" decoding=\"async\" width=\"907\" height=\"741\" src=\"https:\/\/www.nyirpalyazat.hu\/wp-content\/uploads\/2022\/02\/palyazati_tippek.png\" alt=\"\" class=\"wp-image-141\" srcset=\"https:\/\/www.nyirpalyazat.hu\/wp-content\/uploads\/2022\/02\/palyazati_tippek.png 907w, https:\/\/www.nyirpalyazat.hu\/wp-content\/uploads\/2022\/02\/palyazati_tippek-300x245.png 300w, https:\/\/www.nyirpalyazat.hu\/wp-content\/uploads\/2022\/02\/palyazati_tippek-768x627.png 768w\" sizes=\"auto, (max-width: 907px) 100vw, 907px\" \/><\/figure><\/div>\n","protected":false},"excerpt":{"rendered":"<p>P\u00e1ly\u00e1zati tudnival\u00f3k, p\u00e1ly\u00e1z\u00e1s folyamata P\u00e1ly\u00e1zat el\u0151k\u00e9sz\u00edt\u00e9se:&nbsp;a p\u00e1ly\u00e1zat el\u0151k\u00e9sz\u00edt\u00e9s\u00e9nek els\u0151 l\u00e9p\u00e9se a projekt \u00f6tlet, amely t\u00f6bb megval\u00f3s\u00edt\u00e1si c\u00e9lra ir\u00e1nyulhat. P\u00e1ly\u00e1zni lehet valamilyen fejleszt\u00e9sre, beruh\u00e1z\u00e1sra, g\u00e9pbeszerz\u00e9sre, adott szervezet, v\u00e1llalkoz\u00e1s munkat\u00e1rsainak k\u00e9pz\u00e9s\u00e9re, de ak\u00e1r valamilyen szolg\u00e1ltat\u00e1s ig\u00e9nybev\u00e9tel\u00e9hez is ig\u00e9nyelhet\u00fcnk t\u00e1mogat\u00e1st. Ha m\u00e1r megvan a projekt\u00f6tlet\u00fcnk, amelyhez t\u00e1mogat\u00e1st szeretn\u00e9nk ig\u00e9nybe venni, akkor meg kell keresn\u00fcnk a projektterv\u00fcnk szempontj\u00e1b\u00f3l legjobb&#8230;<\/p>\n","protected":false},"author":1,"featured_media":0,"parent":0,"menu_order":0,"comment_status":"closed","ping_status":"closed","template":"","meta":{"ngg_post_thumbnail":0,"_kad_post_transparent":"","_kad_post_title":"","_kad_post_layout":"","_kad_post_sidebar_id":"","_kad_post_content_style":"","_kad_post_vertical_padding":"","_kad_post_feature":"","_kad_post_feature_position":"","_kad_post_header":false,"_kad_post_footer":false,"footnotes":""},"class_list":["post-14","page","type-page","status-publish","hentry"],"yoast_head":"<!-- This site is optimized with the Yoast SEO plugin v22.1 - https:\/\/yoast.com\/wordpress\/plugins\/seo\/ -->\n<title>P\u00e1ly\u00e1zati tudnival\u00f3k - NY\u00cdR-P\u00c1LY\u00c1ZAT<\/title>\n<meta name=\"robots\" content=\"index, follow, max-snippet:-1, max-image-preview:large, max-video-preview:-1\" \/>\n<link rel=\"canonical\" href=\"https:\/\/www.nyirpalyazat.hu\/?page_id=14\" \/>\n<meta property=\"og:locale\" content=\"hu_HU\" \/>\n<meta property=\"og:type\" content=\"article\" \/>\n<meta property=\"og:title\" content=\"P\u00e1ly\u00e1zati tudnival\u00f3k - NY\u00cdR-P\u00c1LY\u00c1ZAT\" \/>\n<meta property=\"og:description\" content=\"P\u00e1ly\u00e1zati tudnival\u00f3k, p\u00e1ly\u00e1z\u00e1s folyamata P\u00e1ly\u00e1zat el\u0151k\u00e9sz\u00edt\u00e9se:&nbsp;a p\u00e1ly\u00e1zat el\u0151k\u00e9sz\u00edt\u00e9s\u00e9nek els\u0151 l\u00e9p\u00e9se a projekt \u00f6tlet, amely t\u00f6bb megval\u00f3s\u00edt\u00e1si c\u00e9lra ir\u00e1nyulhat. P\u00e1ly\u00e1zni lehet valamilyen fejleszt\u00e9sre, beruh\u00e1z\u00e1sra, g\u00e9pbeszerz\u00e9sre, adott szervezet, v\u00e1llalkoz\u00e1s munkat\u00e1rsainak k\u00e9pz\u00e9s\u00e9re, de ak\u00e1r valamilyen szolg\u00e1ltat\u00e1s ig\u00e9nybev\u00e9tel\u00e9hez is ig\u00e9nyelhet\u00fcnk t\u00e1mogat\u00e1st. Ha m\u00e1r megvan a projekt\u00f6tlet\u00fcnk, amelyhez t\u00e1mogat\u00e1st szeretn\u00e9nk ig\u00e9nybe venni, akkor meg kell keresn\u00fcnk a projektterv\u00fcnk szempontj\u00e1b\u00f3l legjobb...\" \/>\n<meta property=\"og:url\" content=\"https:\/\/www.nyirpalyazat.hu\/?page_id=14\" \/>\n<meta property=\"og:site_name\" content=\"NY\u00cdR-P\u00c1LY\u00c1ZAT\" \/>\n<meta property=\"article:modified_time\" content=\"2022-02-09T10:35:00+00:00\" \/>\n<meta property=\"og:image\" content=\"https:\/\/www.nyirpalyazat.hu\/wp-content\/uploads\/2022\/02\/palyazati_tippek.png\" \/>\n<meta name=\"twitter:card\" content=\"summary_large_image\" \/>\n<meta name=\"twitter:label1\" content=\"Becs\u00fclt olvas\u00e1si id\u0151\" \/>\n\t<meta name=\"twitter:data1\" content=\"2 perc\" \/>\n<script type=\"application\/ld+json\" class=\"yoast-schema-graph\">{\"@context\":\"https:\/\/schema.org\",\"@graph\":[{\"@type\":\"WebPage\",\"@id\":\"https:\/\/www.nyirpalyazat.hu\/?page_id=14\",\"url\":\"https:\/\/www.nyirpalyazat.hu\/?page_id=14\",\"name\":\"P\u00e1ly\u00e1zati tudnival\u00f3k - NY\u00cdR-P\u00c1LY\u00c1ZAT\",\"isPartOf\":{\"@id\":\"http:\/\/www.nyirpalyazat.hu\/#website\"},\"datePublished\":\"2022-02-08T19:43:28+00:00\",\"dateModified\":\"2022-02-09T10:35:00+00:00\",\"breadcrumb\":{\"@id\":\"https:\/\/www.nyirpalyazat.hu\/?page_id=14#breadcrumb\"},\"inLanguage\":\"hu\",\"potentialAction\":[{\"@type\":\"ReadAction\",\"target\":[\"https:\/\/www.nyirpalyazat.hu\/?page_id=14\"]}]},{\"@type\":\"BreadcrumbList\",\"@id\":\"https:\/\/www.nyirpalyazat.hu\/?page_id=14#breadcrumb\",\"itemListElement\":[{\"@type\":\"ListItem\",\"position\":1,\"name\":\"Kezd\u0151lap\",\"item\":\"http:\/\/www.nyirpalyazat.hu\/\"},{\"@type\":\"ListItem\",\"position\":2,\"name\":\"P\u00e1ly\u00e1zati tudnival\u00f3k\"}]},{\"@type\":\"WebSite\",\"@id\":\"http:\/\/www.nyirpalyazat.hu\/#website\",\"url\":\"http:\/\/www.nyirpalyazat.hu\/\",\"name\":\"NY\u00cdR-P\u00c1LY\u00c1ZAT\",\"description\":\"Ny\u00edrp\u00e1ly\u00e1zat, P\u00e1ly\u00e1zat\u00edr\u00e1s, projekt menedzsment\",\"publisher\":{\"@id\":\"http:\/\/www.nyirpalyazat.hu\/#organization\"},\"potentialAction\":[{\"@type\":\"SearchAction\",\"target\":{\"@type\":\"EntryPoint\",\"urlTemplate\":\"http:\/\/www.nyirpalyazat.hu\/?s={search_term_string}\"},\"query-input\":\"required name=search_term_string\"}],\"inLanguage\":\"hu\"},{\"@type\":\"Organization\",\"@id\":\"http:\/\/www.nyirpalyazat.hu\/#organization\",\"name\":\"NY\u00cdR-P\u00c1LY\u00c1ZAT\",\"url\":\"http:\/\/www.nyirpalyazat.hu\/\",\"logo\":{\"@type\":\"ImageObject\",\"inLanguage\":\"hu\",\"@id\":\"http:\/\/www.nyirpalyazat.hu\/#\/schema\/logo\/image\/\",\"url\":\"https:\/\/www.nyirpalyazat.hu\/wp-content\/uploads\/2022\/02\/cropped-logo2-1.png\",\"contentUrl\":\"https:\/\/www.nyirpalyazat.hu\/wp-content\/uploads\/2022\/02\/cropped-logo2-1.png\",\"width\":113,\"height\":60,\"caption\":\"NY\u00cdR-P\u00c1LY\u00c1ZAT\"},\"image\":{\"@id\":\"http:\/\/www.nyirpalyazat.hu\/#\/schema\/logo\/image\/\"}}]}<\/script>\n<!-- \/ Yoast SEO plugin. -->","yoast_head_json":{"title":"P\u00e1ly\u00e1zati tudnival\u00f3k - NY\u00cdR-P\u00c1LY\u00c1ZAT","robots":{"index":"index","follow":"follow","max-snippet":"max-snippet:-1","max-image-preview":"max-image-preview:large","max-video-preview":"max-video-preview:-1"},"canonical":"https:\/\/www.nyirpalyazat.hu\/?page_id=14","og_locale":"hu_HU","og_type":"article","og_title":"P\u00e1ly\u00e1zati tudnival\u00f3k - NY\u00cdR-P\u00c1LY\u00c1ZAT","og_description":"P\u00e1ly\u00e1zati tudnival\u00f3k, p\u00e1ly\u00e1z\u00e1s folyamata P\u00e1ly\u00e1zat el\u0151k\u00e9sz\u00edt\u00e9se:&nbsp;a p\u00e1ly\u00e1zat el\u0151k\u00e9sz\u00edt\u00e9s\u00e9nek els\u0151 l\u00e9p\u00e9se a projekt \u00f6tlet, amely t\u00f6bb megval\u00f3s\u00edt\u00e1si c\u00e9lra ir\u00e1nyulhat. P\u00e1ly\u00e1zni lehet valamilyen fejleszt\u00e9sre, beruh\u00e1z\u00e1sra, g\u00e9pbeszerz\u00e9sre, adott szervezet, v\u00e1llalkoz\u00e1s munkat\u00e1rsainak k\u00e9pz\u00e9s\u00e9re, de ak\u00e1r valamilyen szolg\u00e1ltat\u00e1s ig\u00e9nybev\u00e9tel\u00e9hez is ig\u00e9nyelhet\u00fcnk t\u00e1mogat\u00e1st. Ha m\u00e1r megvan a projekt\u00f6tlet\u00fcnk, amelyhez t\u00e1mogat\u00e1st szeretn\u00e9nk ig\u00e9nybe venni, akkor meg kell keresn\u00fcnk a projektterv\u00fcnk szempontj\u00e1b\u00f3l legjobb...","og_url":"https:\/\/www.nyirpalyazat.hu\/?page_id=14","og_site_name":"NY\u00cdR-P\u00c1LY\u00c1ZAT","article_modified_time":"2022-02-09T10:35:00+00:00","og_image":[{"url":"https:\/\/www.nyirpalyazat.hu\/wp-content\/uploads\/2022\/02\/palyazati_tippek.png"}],"twitter_card":"summary_large_image","twitter_misc":{"Becs\u00fclt olvas\u00e1si id\u0151":"2 perc"},"schema":{"@context":"https:\/\/schema.org","@graph":[{"@type":"WebPage","@id":"https:\/\/www.nyirpalyazat.hu\/?page_id=14","url":"https:\/\/www.nyirpalyazat.hu\/?page_id=14","name":"P\u00e1ly\u00e1zati tudnival\u00f3k - NY\u00cdR-P\u00c1LY\u00c1ZAT","isPartOf":{"@id":"http:\/\/www.nyirpalyazat.hu\/#website"},"datePublished":"2022-02-08T19:43:28+00:00","dateModified":"2022-02-09T10:35:00+00:00","breadcrumb":{"@id":"https:\/\/www.nyirpalyazat.hu\/?page_id=14#breadcrumb"},"inLanguage":"hu","potentialAction":[{"@type":"ReadAction","target":["https:\/\/www.nyirpalyazat.hu\/?page_id=14"]}]},{"@type":"BreadcrumbList","@id":"https:\/\/www.nyirpalyazat.hu\/?page_id=14#breadcrumb","itemListElement":[{"@type":"ListItem","position":1,"name":"Kezd\u0151lap","item":"http:\/\/www.nyirpalyazat.hu\/"},{"@type":"ListItem","position":2,"name":"P\u00e1ly\u00e1zati tudnival\u00f3k"}]},{"@type":"WebSite","@id":"http:\/\/www.nyirpalyazat.hu\/#website","url":"http:\/\/www.nyirpalyazat.hu\/","name":"NY\u00cdR-P\u00c1LY\u00c1ZAT","description":"Ny\u00edrp\u00e1ly\u00e1zat, P\u00e1ly\u00e1zat\u00edr\u00e1s, projekt menedzsment","publisher":{"@id":"http:\/\/www.nyirpalyazat.hu\/#organization"},"potentialAction":[{"@type":"SearchAction","target":{"@type":"EntryPoint","urlTemplate":"http:\/\/www.nyirpalyazat.hu\/?s={search_term_string}"},"query-input":"required name=search_term_string"}],"inLanguage":"hu"},{"@type":"Organization","@id":"http:\/\/www.nyirpalyazat.hu\/#organization","name":"NY\u00cdR-P\u00c1LY\u00c1ZAT","url":"http:\/\/www.nyirpalyazat.hu\/","logo":{"@type":"ImageObject","inLanguage":"hu","@id":"http:\/\/www.nyirpalyazat.hu\/#\/schema\/logo\/image\/","url":"https:\/\/www.nyirpalyazat.hu\/wp-content\/uploads\/2022\/02\/cropped-logo2-1.png","contentUrl":"https:\/\/www.nyirpalyazat.hu\/wp-content\/uploads\/2022\/02\/cropped-logo2-1.png","width":113,"height":60,"caption":"NY\u00cdR-P\u00c1LY\u00c1ZAT"},"image":{"@id":"http:\/\/www.nyirpalyazat.hu\/#\/schema\/logo\/image\/"}}]}},"_links":{"self":[{"href":"https:\/\/www.nyirpalyazat.hu\/index.php?rest_route=\/wp\/v2\/pages\/14","targetHints":{"allow":["GET"]}}],"collection":[{"href":"https:\/\/www.nyirpalyazat.hu\/index.php?rest_route=\/wp\/v2\/pages"}],"about":[{"href":"https:\/\/www.nyirpalyazat.hu\/index.php?rest_route=\/wp\/v2\/types\/page"}],"author":[{"embeddable":true,"href":"https:\/\/www.nyirpalyazat.hu\/index.php?rest_route=\/wp\/v2\/users\/1"}],"replies":[{"embeddable":true,"href":"https:\/\/www.nyirpalyazat.hu\/index.php?rest_route=%2Fwp%2Fv2%2Fcomments&post=14"}],"version-history":[{"count":4,"href":"https:\/\/www.nyirpalyazat.hu\/index.php?rest_route=\/wp\/v2\/pages\/14\/revisions"}],"predecessor-version":[{"id":143,"href":"https:\/\/www.nyirpalyazat.hu\/index.php?rest_route=\/wp\/v2\/pages\/14\/revisions\/143"}],"wp:attachment":[{"href":"https:\/\/www.nyirpalyazat.hu\/index.php?rest_route=%2Fwp%2Fv2%2Fmedia&parent=14"}],"curies":[{"name":"wp","href":"https:\/\/api.w.org\/{rel}","templated":true}]}}